{"id":5282,"date":"2025-03-17T16:27:29","date_gmt":"2025-03-17T15:27:29","guid":{"rendered":"https:\/\/www.e-cute.it\/?page_id=5282"},"modified":"2025-08-06T11:40:31","modified_gmt":"2025-08-06T09:40:31","slug":"privacy-policy","status":"publish","type":"page","link":"https:\/\/www.e-cute.it\/es\/privacy-policy\/","title":{"rendered":"Privacy Policy"},"content":{"rendered":"<p>[et_pb_section fb_built=\u00bb1&#8243; custom_padding_last_edited=\u00bbon|tablet\u00bb admin_label=\u00bbSezione 1_Privacy Policy\u00bb _builder_version=\u00bb4.24.0&#8243; _module_preset=\u00bbdefault\u00bb background_color=\u00bb#dfeff2&#8243; width=\u00bb90%\u00bb width_tablet=\u00bb95%\u00bb width_phone=\u00bb100%\u00bb width_last_edited=\u00bbon|phone\u00bb module_alignment=\u00bbcenter\u00bb custom_padding=\u00bb90px||||false|false\u00bb custom_padding_tablet=\u00bb140px||||false|false\u00bb custom_padding_phone=\u00bb120px||||false|false\u00bb da_disable_devices=\u00bboff|off|off\u00bb locked=\u00bboff\u00bb global_colors_info=\u00bb{}\u00bb da_is_popup=\u00bboff\u00bb da_exit_intent=\u00bboff\u00bb da_has_close=\u00bbon\u00bb da_alt_close=\u00bboff\u00bb da_dark_close=\u00bboff\u00bb da_not_modal=\u00bbon\u00bb da_is_singular=\u00bboff\u00bb da_with_loader=\u00bboff\u00bb da_has_shadow=\u00bbon\u00bb][et_pb_row admin_label=\u00bbRiga 1_Sezione 1_testi\u00bb _builder_version=\u00bb4.24.0&#8243; _module_preset=\u00bbdefault\u00bb global_colors_info=\u00bb{}\u00bb][et_pb_column type=\u00bb4_4&#8243; _builder_version=\u00bb4.24.0&#8243; _module_preset=\u00bbdefault\u00bb global_colors_info=\u00bb{}\u00bb][et_pb_text admin_label=\u00bbPrivacy Policy\u00bb _builder_version=\u00bb4.24.0&#8243; _module_preset=\u00bbdefault\u00bb text_font=\u00bbUrbanist|700|||||||\u00bb text_text_color=\u00bb#005eab\u00bb text_font_size=\u00bb38px\u00bb text_line_height=\u00bb1.1em\u00bb text_orientation=\u00bbcenter\u00bb width=\u00bb68%\u00bb width_tablet=\u00bb100%\u00bb width_phone=\u00bb90%\u00bb width_last_edited=\u00bbon|phone\u00bb module_alignment=\u00bbcenter\u00bb text_font_size_tablet=\u00bb38px\u00bb text_font_size_phone=\u00bb30px\u00bb text_font_size_last_edited=\u00bbon|phone\u00bb locked=\u00bboff\u00bb global_colors_info=\u00bb{}\u00bb]<\/p>\n<p>Privacy Policy<\/p>\n<p>[\/et_pb_text][et_pb_text admin_label=\u00bbRedatta ai sensi del Regolamento&#8230;\u00bb _builder_version=\u00bb4.24.0&#8243; _module_preset=\u00bbdefault\u00bb text_font=\u00bbUrbanist|500|||||||\u00bb text_text_color=\u00bb#005eab\u00bb text_font_size=\u00bb18px\u00bb header_4_font=\u00bbUrbanist|700|||||||\u00bb header_4_text_align=\u00bbcenter\u00bb header_4_text_color=\u00bb#FFFFFF\u00bb header_4_font_size=\u00bb20px\u00bb text_font_size_tablet=\u00bb18px\u00bb text_font_size_phone=\u00bb16px\u00bb text_font_size_last_edited=\u00bbon|phone\u00bb text_line_height_tablet=\u00bb\u00bb text_line_height_phone=\u00bb1.3em\u00bb text_line_height_last_edited=\u00bbon|phone\u00bb header_4_font_size_tablet=\u00bb20px\u00bb header_4_font_size_phone=\u00bb16px\u00bb header_4_font_size_last_edited=\u00bbon|phone\u00bb header_4_line_height_tablet=\u00bb\u00bb header_4_line_height_phone=\u00bb1.4em\u00bb header_4_line_height_last_edited=\u00bbon|phone\u00bb locked=\u00bboff\u00bb global_colors_info=\u00bb{}\u00bb]<\/p>\n<p data-start=\"55\" data-end=\"389\">laRedactado conforme al Reglamento (UE) 2016\/679 del 27 de abril de 2016 (Reglamento General de Protecci\u00f3n de Datos \u2013 RGPD) y al Decreto Legislativo 30 de junio de 2003, n. 196, modificado por el Decreto Legislativo 10 de agosto de 2018, n. 101, y emitido por E-Cute S.r.l. Societ\u00e0 Benefit en calidad de Responsable del Tratamiento.<\/p>\n<p data-start=\"391\" data-end=\"404\"><span style=\"color: #08315b;\"><strong data-start=\"391\" data-end=\"404\">PRE\u00c1MBULO<\/strong><\/span><\/p>\n<p data-start=\"406\" data-end=\"784\">Estimado Usuario, en esta p\u00e1gina se describen algunas reglas sobre el tratamiento de los datos personales introducidos en la plataforma (en adelante, la Plataforma) gestionada por E-Cute S.r.l. Societ\u00e0 Benefit (en adelante, la Compa\u00f1\u00eda o el Responsable). Estas reglas se aplican siempre que usted acceda a la Plataforma utilizando sus credenciales despu\u00e9s de haberse registrado.<\/p>\n<p data-start=\"791\" data-end=\"814\"><span style=\"color: #08315b;\"><strong data-start=\"791\" data-end=\"814\">DATOS DE NAVEGACI\u00d3N<\/strong><\/span><\/p>\n<p data-start=\"816\" data-end=\"1248\">Esta pol\u00edtica de privacidad se refiere a esta Plataforma y no a otros sitios web que el Usuario pueda visitar a trav\u00e9s de enlaces conectados o provenientes de la Plataforma. Dichos sitios pueden contener \u00abpol\u00edticas de privacidad\u00bb que difieren, total o parcialmente, de esta. Por lo tanto, el Responsable invita al Usuario a revisar la pol\u00edtica de privacidad de cada sitio al que se conecta antes de ingresar cualquier dato personal.<\/p>\n<p data-start=\"1250\" data-end=\"1294\"><span style=\"color: #08315b;\"><strong data-start=\"1250\" data-end=\"1294\">DATOS PERSONALES SOMETIDOS A TRATAMIENTO<\/strong><\/span><\/p>\n<p data-start=\"1296\" data-end=\"2772\">Los sistemas inform\u00e1ticos y los procedimientos de software encargados del funcionamiento de la Plataforma adquieren, durante su funcionamiento normal, algunos datos cuya transmisi\u00f3n es autom\u00e1tica en el uso de los protocolos de comunicaci\u00f3n de Internet, los cuales no se asocian a usuarios identificados, aunque, por su naturaleza, podr\u00edan, mediante el procesamiento y asociaci\u00f3n con datos detenidos por terceros, permitir la identificaci\u00f3n de los Usuarios. Los datos personales est\u00e1n constituidos por las direcciones IP o los nombres de dominio de los ordenadores utilizados por los Usuarios que se conectan a la Plataforma, las direcciones en notaci\u00f3n URI (Identificador Uniforme de Recursos) de los recursos solicitados, la hora de la solicitud, el m\u00e9todo utilizado para enviar la solicitud al servidor, el tama\u00f1o del archivo obtenido como respuesta, el c\u00f3digo num\u00e9rico que indica el estado de la respuesta proporcionada por el servidor (correcta, error, etc.) y otros datos t\u00e9cnicos enviados autom\u00e1ticamente por los programas de gesti\u00f3n de las conexiones (llamados Metadatos). Estos datos se utilizan \u00fanicamente con el fin de obtener la conexi\u00f3n y para obtener informaci\u00f3n estad\u00edstica an\u00f3nima sobre el uso de la Plataforma y para controlar su correcto funcionamiento. Adem\u00e1s, se procesan los datos personales que cada Usuario ingresa voluntariamente en la Plataforma al registrarse y posteriormente al utilizar los servicios puestos a disposici\u00f3n a trav\u00e9s de la Plataforma.<\/p>\n<p data-start=\"2774\" data-end=\"2812\"><span style=\"color: #08315b;\"><strong data-start=\"2774\" data-end=\"2812\">LUGAR DEL TRATAMIENTO DE LOS DATOS<\/strong><\/span><\/p>\n<p data-start=\"2814\" data-end=\"3428\">La Plataforma est\u00e1 alojada en servidores gestionados por una empresa de derecho italiano, ubicada en el territorio italiano, y, por lo tanto, sujeta a la legislaci\u00f3n italiana y de la Uni\u00f3n Europea. Se garantizan los m\u00e1s altos requisitos tecnol\u00f3gicos en t\u00e9rminos de seguridad del tratamiento, asegurando tambi\u00e9n la confidencialidad y el cumplimiento total de la normativa en materia de tratamiento de datos personales. El Responsable realiza peri\u00f3dicamente verificaciones y controles, y recibe informes detallados sobre la configuraci\u00f3n del hardware en el que se ha instalado el software que opera en la Plataforma.<\/p>\n<p data-start=\"3430\" data-end=\"3479\"><span style=\"color: #08315b;\"><strong data-start=\"3430\" data-end=\"3479\">EL RESPONSABLE, LOS FINES Y LAS BASES LEGALES<\/strong><\/span><\/p>\n<p data-start=\"3481\" data-end=\"3711\">El Responsable del tratamiento adquiere\/posee y procesa sus datos personales con base en el consentimiento otorgado conforme al art\u00edculo 6, letra a del RGPD mediante casillas espec\u00edficas seg\u00fan los fines indicados, espec\u00edficamente:<\/p>\n<ul data-start=\"3713\" data-end=\"4264\">\n<li data-start=\"3713\" data-end=\"3804\">Registro y acceso al \u00e1rea reservada de la Plataforma, sujeto al consentimiento necesario;<\/li>\n<li data-start=\"3805\" data-end=\"3889\">An\u00e1lisis estad\u00edsticos tambi\u00e9n con fines de marketing, con consentimiento opcional;<\/li>\n<li data-start=\"3890\" data-end=\"4105\">Recepci\u00f3n de boletines, anuncios de nuevos productos, investigaciones de mercado, servicios y ofertas, comunicaciones comerciales, invitaciones a eventos promovidos por el Responsable, con consentimiento opcional;<\/li>\n<li data-start=\"4106\" data-end=\"4264\">Comunicaci\u00f3n de datos personales a empresas de terceros que ofrecen servicios espec\u00edficos a personas con discapacidad auditiva, con consentimiento opcional.<\/li>\n<\/ul>\n<p data-start=\"4266\" data-end=\"4558\">El consentimiento se otorga mediante un banner y\/o ventana emergente en la Plataforma durante el primer registro, marcando la casilla correspondiente. Los consentimientos expresados de manera opcional pueden ser revocados en cualquier momento enviando un correo electr\u00f3nico a: <a data-start=\"4543\" data-end=\"4557\" rel=\"noopener\">info@e-cute.it<\/a>.<\/p>\n<p data-start=\"4560\" data-end=\"4577\"><span style=\"color: #08315b;\"><strong data-start=\"4560\" data-end=\"4577\">DESTINATARIOS<\/strong><\/span><\/p>\n<p data-start=\"4579\" data-end=\"4887\">Los destinatarios de esta pol\u00edtica son todos los Usuarios que se registran y acceden voluntariamente a la Plataforma. En caso de que se registre un menor, su direcci\u00f3n de correo electr\u00f3nico solo se utilizar\u00e1 para comunicarle que el registro no es posible debido a su edad, y luego los datos ser\u00e1n eliminados.<\/p>\n<p data-start=\"4889\" data-end=\"4919\"><span style=\"color: #08315b;\"><strong data-start=\"4889\" data-end=\"4919\">MODALIDADES DE TRATAMIENTO<\/strong><\/span><\/p>\n<p data-start=\"4921\" data-end=\"5884\">El tratamiento se realiza tanto en formato manual como informatizado; por v\u00eda telem\u00e1tica y\/o inform\u00e1tica, incluso mediante herramientas automatizadas para almacenar, gestionar y transmitir los datos, observando todas las medidas cautelares necesarias para garantizar su seguridad y confidencialidad. Se adoptan medidas de seguridad espec\u00edficas para prevenir la p\u00e9rdida de datos, el uso il\u00edcito o incorrecto, y el acceso no autorizado. En formato papel, los datos se procesan y almacenan en las instalaciones y oficinas de la empresa. En formato informatizado, se procesan en los ordenadores\/dispositivos de la empresa y en los servidores gestionados por ella. Los datos ser\u00e1n tratados por los empleados y colaboradores del Responsable, en calidad de personas autorizadas para el tratamiento, en el marco de sus funciones y de acuerdo con las instrucciones recibidas. Los datos se conservar\u00e1n durante dos a\u00f1os desde el \u00faltimo acceso del interesado a la Plataforma.<\/p>\n<p data-start=\"5886\" data-end=\"5915\"><span style=\"color: #08315b;\"><strong data-start=\"5886\" data-end=\"5915\">COMUNICACI\u00d3N DE LOS DATOS<\/strong><\/span><\/p>\n<p data-start=\"5917\" data-end=\"6773\">Los datos no ser\u00e1n difundidos, entendiendo por difusi\u00f3n el dar conocimiento de los mismos a sujetos indeterminados de cualquier forma, incluso mediante su puesta a disposici\u00f3n o consulta. Los datos ser\u00e1n puestos a disposici\u00f3n de empresas de terceros o de otros sujetos que presten servicios en outsourcing para el Responsable, a quienes el Responsable encomienda ciertas tareas relacionadas con las actividades descritas en esta pol\u00edtica, mediante su nombramiento como Responsable del Tratamiento. Sus datos podr\u00e1n ser comunicados, entendiendo por comunicaci\u00f3n el darles a conocer (tambi\u00e9n para posibles tratamientos) a uno o m\u00e1s sujetos determinados dentro de los l\u00edmites estrictamente necesarios para el cumplimiento de las obligaciones, tareas y finalidades mencionadas anteriormente y, cuando sea necesario, previo consentimiento espec\u00edfico y opcional.<\/p>\n<p data-start=\"6775\" data-end=\"6819\"><span style=\"color: #08315b;\"><strong data-start=\"6775\" data-end=\"6819\">TRANSFERENCIA DE LOS DATOS AL EXTRANJERO<\/strong><\/span><\/p>\n<p data-start=\"6821\" data-end=\"7478\">Sus datos ser\u00e1n tratados normalmente en Italia o, en cualquier caso, dentro de la Uni\u00f3n Europea. Sin embargo, podr\u00edan ser transferidos fuera del Espacio Econ\u00f3mico Europeo. Esta Plataforma podr\u00eda compartir algunos de los datos recopilados con servicios ubicados fuera del \u00e1rea de la Uni\u00f3n Europea, espec\u00edficamente con Google, Facebook y Microsoft a trav\u00e9s de los complementos sociales y el servicio de Google Analytics. La transferencia est\u00e1 autorizada en base a decisiones espec\u00edficas de la Uni\u00f3n Europea y de la Autoridad Italiana de Protecci\u00f3n de Datos, particularmente la decisi\u00f3n 1250\/2016 (Privacy Shield \u2013 p\u00e1gina informativa de la Autoridad Italiana).<\/p>\n<p data-start=\"7480\" data-end=\"7511\"><span style=\"color: #08315b;\"><strong data-start=\"7480\" data-end=\"7511\">DERECHOS DE LOS INTERESADOS<\/strong><\/span><\/p>\n<p data-start=\"7513\" data-end=\"7549\">Usted podr\u00e1 ejercer los derechos de:<\/p>\n<ul data-start=\"7551\" data-end=\"8005\">\n<li data-start=\"7551\" data-end=\"7701\">Acceso, con el fin de obtener confirmaci\u00f3n de si se est\u00e1 realizando o no un tratamiento de sus datos personales y conocer su contenido y origen;<\/li>\n<li data-start=\"7702\" data-end=\"8005\">Rectificaci\u00f3n, eliminaci\u00f3n, limitaci\u00f3n y oposici\u00f3n al tratamiento de los mismos. Seg\u00fan el RGPD, el usuario tiene derecho a solicitar la eliminaci\u00f3n, transformaci\u00f3n en forma an\u00f3nima o bloqueo de los datos tratados de manera ilegal, y a oponerse, por motivos leg\u00edtimos, a su tratamiento.<\/li>\n<\/ul>\n<p data-start=\"8007\" data-end=\"8568\">En caso de oposici\u00f3n, los datos no ser\u00e1n tratados, salvo que el Responsable demuestre motivos leg\u00edtimos para continuar el tratamiento o para cumplir con obligaciones legales. Las solicitudes para ejercer sus derechos, tal como se indican arriba, pueden enviarse por correo postal al Responsable del Tratamiento E-Cute S.r.l. Societ\u00e0 Benefit, via Papacino, 8 &#8211; 10121 Torino, o por correo electr\u00f3nico a <a data-start=\"8408\" data-end=\"8422\" rel=\"noopener\">info@e-cute.it<\/a>. Le recordamos que siempre tiene la posibilidad de presentar una queja ante la Autoridad Italiana de Protecci\u00f3n de Datos (<a data-start=\"8545\" data-end=\"8566\" rel=\"noopener\" target=\"_new\">www.garanteprivacy.it<\/a>).<\/p>\n<p data-start=\"8570\" data-end=\"8585\"><span style=\"color: #08315b;\"><strong data-start=\"8570\" data-end=\"8585\">CANCELACI\u00d3N<\/strong><\/span><\/p>\n<p data-start=\"8587\" data-end=\"8704\">El Responsable del tratamiento proceder\u00e1 a la cancelaci\u00f3n de los datos que lo conciernen sin demora injustificada si:<\/p>\n<ul data-start=\"8706\" data-end=\"9292\">\n<li data-start=\"8706\" data-end=\"8891\">Sus datos personales ya no son necesarios para los fines para los cuales fueron recopilados o tratados, y en cualquier caso, dentro de dos a\u00f1os desde su \u00faltimo acceso a la Plataforma;<\/li>\n<li data-start=\"8892\" data-end=\"9026\">Como interesado, ha revocado el consentimiento en el que se basa ese tratamiento y no existe otra base legal para dicho tratamiento;<\/li>\n<li data-start=\"9027\" data-end=\"9150\">Como interesado, se ha opuesto al tratamiento y no existe un motivo leg\u00edtimo prevalente para proceder con el tratamiento;<\/li>\n<li data-start=\"9151\" data-end=\"9209\">Sus datos personales han sido tratados de manera ilegal;<\/li>\n<li data-start=\"9210\" data-end=\"9292\">Sus datos personales deben ser eliminados para cumplir con una obligaci\u00f3n legal.<\/li>\n<\/ul>\n<p data-start=\"9294\" data-end=\"9313\"><span style=\"color: #08315b;\"><strong data-start=\"9294\" data-end=\"9313\">CONSENTIMIENTOS<\/strong><\/span><\/p>\n<p data-start=\"9315\" data-end=\"9326\"><span style=\"color: #e50071;\">Necesarios:<\/span><\/p>\n<p data-start=\"9328\" data-end=\"9537\"><span style=\"color: #08315b;\"><strong>1 &#8211;<\/strong><\/span> Autorizo el tratamiento de mis datos personales para poder acceder a la Plataforma y permitir la navegaci\u00f3n dentro de la misma seg\u00fan los fines indicados en la Pol\u00edtica de Privacidad relacionada.<\/p>\n<p data-start=\"9539\" data-end=\"9554\">( ) S\u00cd (\u2026) NO<\/p>\n<p data-start=\"9556\" data-end=\"9567\"><span style=\"color: #e50071;\">Opcionales:<\/span><\/p>\n<p data-start=\"9569\" data-end=\"9770\"><span style=\"color: #08315b;\"><strong>2 &#8211;<\/strong><\/span> Consiento el tratamiento de mis datos personales de contacto para recibir comunicaciones del Responsable sobre nuevos servicios y\/o propuestas dirigidas a los usuarios registrados en la Plataforma.<\/p>\n<p data-start=\"9772\" data-end=\"9787\">( ) S\u00cd (\u2026) NO<\/p>\n<p data-start=\"9789\" data-end=\"9981\"><span style=\"color: #08315b;\"><strong>3 &#8211;<\/strong><\/span> Consiento la comunicaci\u00f3n de mis datos personales de contacto a las empresas asociadas del proyecto para recibir de ellas ofertas y\/o comunicaciones espec\u00edficamente dirigidas a personas con discapacidad auditiva.<\/p>\n<p data-start=\"9983\" data-end=\"9998\">( ) S\u00cd (\u2026) NO<\/p>\n<p>[\/et_pb_text][\/et_pb_column][\/et_pb_row][\/et_pb_section]<\/p>\n","protected":false},"excerpt":{"rendered":"<p>Privacy PolicylaRedactado conforme al Reglamento (UE) 2016\/679 del 27 de abril de 2016 (Reglamento General de Protecci\u00f3n de Datos \u2013 RGPD) y al Decreto Legislativo 30 de junio de 2003, n. 196, modificado por el Decreto Legislativo 10 de agosto de 2018, n. 101, y emitido por E-Cute S.r.l. Societ\u00e0 Benefit en calidad de Responsable [&hellip;]<\/p>\n","protected":false},"author":1,"featured_media":0,"parent":0,"menu_order":0,"comment_status":"closed","ping_status":"closed","template":"","meta":{"_et_pb_use_builder":"on","_et_pb_old_content":"","_et_gb_content_width":"","cybocfi_hide_featured_image":"","footnotes":""},"wf_page_folders":[7],"class_list":["post-5282","page","type-page","status-publish","hentry"],"yoast_head":"<!-- This site is optimized with the Yoast SEO Premium plugin v26.2 (Yoast SEO v26.2) - https:\/\/yoast.com\/wordpress\/plugins\/seo\/ -->\n<title>Privacy Policy - E-cute<\/title>\n<meta name=\"robots\" content=\"index, follow, max-snippet:-1, max-image-preview:large, max-video-preview:-1\" \/>\n<link rel=\"canonical\" href=\"https:\/\/www.e-cute.it\/es\/privacy-policy\/\" \/>\n<meta property=\"og:locale\" content=\"es_ES\" \/>\n<meta property=\"og:type\" content=\"article\" \/>\n<meta property=\"og:title\" content=\"E-Cute | Privacy Policy\" \/>\n<meta property=\"og:description\" content=\"Privacy PolicylaRedactado conforme al Reglamento (UE) 2016\/679 del 27 de abril de 2016 (Reglamento General de Protecci\u00f3n de Datos \u2013 RGPD) y al Decreto Legislativo 30 de junio de 2003, n. 196, modificado por el Decreto Legislativo 10 de agosto de 2018, n. 101, y emitido por E-Cute S.r.l. Societ\u00e0 Benefit en calidad de Responsable [&hellip;]\" \/>\n<meta property=\"og:url\" content=\"https:\/\/www.e-cute.it\/es\/privacy-policy\/\" \/>\n<meta property=\"og:site_name\" content=\"E-cute\" \/>\n<meta property=\"article:modified_time\" content=\"2025-08-06T09:40:31+00:00\" \/>\n<meta property=\"og:image\" content=\"https:\/\/www.e-cute.it\/wp-content\/uploads\/2025\/08\/Icone_Privacy-Policy-scaled.png\" \/>\n\t<meta property=\"og:image:width\" content=\"2560\" \/>\n\t<meta property=\"og:image:height\" content=\"1338\" \/>\n\t<meta property=\"og:image:type\" content=\"image\/png\" \/>\n<meta name=\"twitter:card\" content=\"summary_large_image\" \/>\n<meta name=\"twitter:title\" content=\"Privacy Policy\" \/>\n<meta name=\"twitter:label1\" content=\"Tiempo de lectura\" \/>\n\t<meta name=\"twitter:data1\" content=\"8 minutos\" \/>\n<script type=\"application\/ld+json\" class=\"yoast-schema-graph\">{\"@context\":\"https:\/\/schema.org\",\"@graph\":[{\"@type\":\"WebPage\",\"@id\":\"https:\/\/www.e-cute.it\/es\/privacy-policy\/\",\"url\":\"https:\/\/www.e-cute.it\/es\/privacy-policy\/\",\"name\":\"Privacy Policy - E-cute\",\"isPartOf\":{\"@id\":\"https:\/\/www.e-cute.it\/es\/#website\"},\"datePublished\":\"2025-03-17T15:27:29+00:00\",\"dateModified\":\"2025-08-06T09:40:31+00:00\",\"breadcrumb\":{\"@id\":\"https:\/\/www.e-cute.it\/es\/privacy-policy\/#breadcrumb\"},\"inLanguage\":\"es\",\"potentialAction\":[{\"@type\":\"ReadAction\",\"target\":[\"https:\/\/www.e-cute.it\/es\/privacy-policy\/\"]}]},{\"@type\":\"BreadcrumbList\",\"@id\":\"https:\/\/www.e-cute.it\/es\/privacy-policy\/#breadcrumb\",\"itemListElement\":[{\"@type\":\"ListItem\",\"position\":1,\"name\":\"Home\",\"item\":\"https:\/\/www.e-cute.it\/es\/\"},{\"@type\":\"ListItem\",\"position\":2,\"name\":\"Privacy Policy\"}]},{\"@type\":\"WebSite\",\"@id\":\"https:\/\/www.e-cute.it\/es\/#website\",\"url\":\"https:\/\/www.e-cute.it\/es\/\",\"name\":\"E-cute\",\"description\":\"\",\"publisher\":{\"@id\":\"https:\/\/www.e-cute.it\/es\/#organization\"},\"potentialAction\":[{\"@type\":\"SearchAction\",\"target\":{\"@type\":\"EntryPoint\",\"urlTemplate\":\"https:\/\/www.e-cute.it\/es\/?s={search_term_string}\"},\"query-input\":{\"@type\":\"PropertyValueSpecification\",\"valueRequired\":true,\"valueName\":\"search_term_string\"}}],\"inLanguage\":\"es\"},{\"@type\":\"Organization\",\"@id\":\"https:\/\/www.e-cute.it\/es\/#organization\",\"name\":\"E-cute\",\"url\":\"https:\/\/www.e-cute.it\/es\/\",\"logo\":{\"@type\":\"ImageObject\",\"inLanguage\":\"es\",\"@id\":\"https:\/\/www.e-cute.it\/es\/#\/schema\/logo\/image\/\",\"url\":\"https:\/\/www.e-cute.it\/wp-content\/uploads\/2025\/07\/logo-e-cute-landing-1.png\",\"contentUrl\":\"https:\/\/www.e-cute.it\/wp-content\/uploads\/2025\/07\/logo-e-cute-landing-1.png\",\"width\":2163,\"height\":698,\"caption\":\"E-cute\"},\"image\":{\"@id\":\"https:\/\/www.e-cute.it\/es\/#\/schema\/logo\/image\/\"}}]}<\/script>\n<!-- \/ Yoast SEO Premium plugin. -->","yoast_head_json":{"title":"Privacy Policy - E-cute","robots":{"index":"index","follow":"follow","max-snippet":"max-snippet:-1","max-image-preview":"max-image-preview:large","max-video-preview":"max-video-preview:-1"},"canonical":"https:\/\/www.e-cute.it\/es\/privacy-policy\/","og_locale":"es_ES","og_type":"article","og_title":"E-Cute | Privacy Policy","og_description":"Privacy PolicylaRedactado conforme al Reglamento (UE) 2016\/679 del 27 de abril de 2016 (Reglamento General de Protecci\u00f3n de Datos \u2013 RGPD) y al Decreto Legislativo 30 de junio de 2003, n. 196, modificado por el Decreto Legislativo 10 de agosto de 2018, n. 101, y emitido por E-Cute S.r.l. Societ\u00e0 Benefit en calidad de Responsable [&hellip;]","og_url":"https:\/\/www.e-cute.it\/es\/privacy-policy\/","og_site_name":"E-cute","article_modified_time":"2025-08-06T09:40:31+00:00","og_image":[{"width":2560,"height":1338,"url":"https:\/\/www.e-cute.it\/wp-content\/uploads\/2025\/08\/Icone_Privacy-Policy-scaled.png","type":"image\/png"}],"twitter_card":"summary_large_image","twitter_title":"Privacy Policy","twitter_misc":{"Tiempo de lectura":"8 minutos"},"schema":{"@context":"https:\/\/schema.org","@graph":[{"@type":"WebPage","@id":"https:\/\/www.e-cute.it\/es\/privacy-policy\/","url":"https:\/\/www.e-cute.it\/es\/privacy-policy\/","name":"Privacy Policy - E-cute","isPartOf":{"@id":"https:\/\/www.e-cute.it\/es\/#website"},"datePublished":"2025-03-17T15:27:29+00:00","dateModified":"2025-08-06T09:40:31+00:00","breadcrumb":{"@id":"https:\/\/www.e-cute.it\/es\/privacy-policy\/#breadcrumb"},"inLanguage":"es","potentialAction":[{"@type":"ReadAction","target":["https:\/\/www.e-cute.it\/es\/privacy-policy\/"]}]},{"@type":"BreadcrumbList","@id":"https:\/\/www.e-cute.it\/es\/privacy-policy\/#breadcrumb","itemListElement":[{"@type":"ListItem","position":1,"name":"Home","item":"https:\/\/www.e-cute.it\/es\/"},{"@type":"ListItem","position":2,"name":"Privacy Policy"}]},{"@type":"WebSite","@id":"https:\/\/www.e-cute.it\/es\/#website","url":"https:\/\/www.e-cute.it\/es\/","name":"E-cute","description":"","publisher":{"@id":"https:\/\/www.e-cute.it\/es\/#organization"},"potentialAction":[{"@type":"SearchAction","target":{"@type":"EntryPoint","urlTemplate":"https:\/\/www.e-cute.it\/es\/?s={search_term_string}"},"query-input":{"@type":"PropertyValueSpecification","valueRequired":true,"valueName":"search_term_string"}}],"inLanguage":"es"},{"@type":"Organization","@id":"https:\/\/www.e-cute.it\/es\/#organization","name":"E-cute","url":"https:\/\/www.e-cute.it\/es\/","logo":{"@type":"ImageObject","inLanguage":"es","@id":"https:\/\/www.e-cute.it\/es\/#\/schema\/logo\/image\/","url":"https:\/\/www.e-cute.it\/wp-content\/uploads\/2025\/07\/logo-e-cute-landing-1.png","contentUrl":"https:\/\/www.e-cute.it\/wp-content\/uploads\/2025\/07\/logo-e-cute-landing-1.png","width":2163,"height":698,"caption":"E-cute"},"image":{"@id":"https:\/\/www.e-cute.it\/es\/#\/schema\/logo\/image\/"}}]}},"_links":{"self":[{"href":"https:\/\/www.e-cute.it\/es\/wp-json\/wp\/v2\/pages\/5282","targetHints":{"allow":["GET"]}}],"collection":[{"href":"https:\/\/www.e-cute.it\/es\/wp-json\/wp\/v2\/pages"}],"about":[{"href":"https:\/\/www.e-cute.it\/es\/wp-json\/wp\/v2\/types\/page"}],"author":[{"embeddable":true,"href":"https:\/\/www.e-cute.it\/es\/wp-json\/wp\/v2\/users\/1"}],"replies":[{"embeddable":true,"href":"https:\/\/www.e-cute.it\/es\/wp-json\/wp\/v2\/comments?post=5282"}],"version-history":[{"count":7,"href":"https:\/\/www.e-cute.it\/es\/wp-json\/wp\/v2\/pages\/5282\/revisions"}],"predecessor-version":[{"id":5691,"href":"https:\/\/www.e-cute.it\/es\/wp-json\/wp\/v2\/pages\/5282\/revisions\/5691"}],"wp:attachment":[{"href":"https:\/\/www.e-cute.it\/es\/wp-json\/wp\/v2\/media?parent=5282"}],"wp:term":[{"taxonomy":"wf_page_folders","embeddable":true,"href":"https:\/\/www.e-cute.it\/es\/wp-json\/wp\/v2\/wf_page_folders?post=5282"}],"curies":[{"name":"wp","href":"https:\/\/api.w.org\/{rel}","templated":true}]}}